{"id":457,"date":"2021-09-16T08:24:01","date_gmt":"2021-09-16T08:24:01","guid":{"rendered":"https:\/\/www.hjulonline.se\/blog\/?page_id=457"},"modified":"2021-09-16T13:14:43","modified_gmt":"2021-09-16T13:14:43","slug":"svenska-hjulonlines-kunskapsbank","status":"publish","type":"page","link":"https:\/\/www.hjulonline.se\/blog\/","title":{"rendered":"Svenska Hjulonlines Kunskapsbank"},"content":{"rendered":"<p>[et_pb_section fb_built=&#8221;1&#8243; _builder_version=&#8221;4.9.4&#8243; _module_preset=&#8221;default&#8221;][et_pb_row _builder_version=&#8221;4.9.4&#8243; _module_preset=&#8221;default&#8221; border_color_all=&#8221;#E09900&#8243;][et_pb_column type=&#8221;4_4&#8243; _builder_version=&#8221;4.9.4&#8243; _module_preset=&#8221;default&#8221;][et_pb_text _builder_version=&#8221;4.9.4&#8243; _module_preset=&#8221;default&#8221;]<\/p>\n<p>V\u00e4lkommen till Svenska Hjulonlines Kunskapsbank. V\u00e5ra blogginl\u00e4gg riktar sig till dig som \u00e4r intresserad av d\u00e4ck, f\u00e4lg och hjul &#8211; Eller dig som \u00e4r bilintresserad i st\u00f6rsta allm\u00e4nhet! <\/p>\n<p>[\/et_pb_text][et_pb_image src=&#8221;https:\/\/www.hjulonline.se\/blog\/wp-content\/uploads\/2021\/09\/testSlider4-scaled.jpg&#8221; alt=&#8221;Hjulonlines kunskapsbank&#8221; title_text=&#8221;testSlider4&#8243; _builder_version=&#8221;4.9.4&#8243; _module_preset=&#8221;default&#8221;][\/et_pb_image][\/et_pb_column][\/et_pb_row][\/et_pb_section][et_pb_section fb_built=&#8221;1&#8243; _builder_version=&#8221;4.9.4&#8243; _module_preset=&#8221;default&#8221;][et_pb_row column_structure=&#8221;1_2,1_2&#8243; _builder_version=&#8221;4.9.4&#8243; _module_preset=&#8221;default&#8221;][et_pb_column type=&#8221;1_2&#8243; _builder_version=&#8221;4.9.4&#8243; _module_preset=&#8221;default&#8221;][et_pb_blog include_categories=&#8221;3&#8243; _builder_version=&#8221;4.9.4&#8243; _module_preset=&#8221;default&#8221;][\/et_pb_blog][\/et_pb_column][et_pb_column type=&#8221;1_2&#8243; _builder_version=&#8221;4.9.4&#8243; _module_preset=&#8221;default&#8221;][et_pb_blog include_categories=&#8221;1&#8243; _builder_version=&#8221;4.9.4&#8243; _module_preset=&#8221;default&#8221;][\/et_pb_blog][\/et_pb_column][\/et_pb_row][\/et_pb_section]<\/p>\n","protected":false},"excerpt":{"rendered":"<p>[et_pb_section fb_built=&#8221;1&#8243; _builder_version=&#8221;4.9.4&#8243; _module_preset=&#8221;default&#8221;][et_pb_row _builder_version=&#8221;4.9.4&#8243; _module_preset=&#8221;default&#8221; border_color_all=&#8221;#E09900&#8243;][et_pb_column type=&#8221;4_4&#8243; _builder_version=&#8221;4.9.4&#8243; _module_preset=&#8221;default&#8221;][et_pb_text _builder_version=&#8221;4.9.4&#8243; _module_preset=&#8221;default&#8221;] V\u00e4lkommen till Svenska Hjulonlines Kunskapsbank. V\u00e5ra blogginl\u00e4gg riktar sig till dig som \u00e4r intresserad av d\u00e4ck, f\u00e4lg och hjul &#8211; Eller dig som \u00e4r bilintresserad i st\u00f6rsta allm\u00e4nhet! [\/et_pb_text][et_pb_image src=&#8221;https:\/\/www.hjulonline.se\/blog\/wp-content\/uploads\/2021\/09\/testSlider4-scaled.jpg&#8221; alt=&#8221;Hjulonlines kunskapsbank&#8221; title_text=&#8221;testSlider4&#8243; _builder_version=&#8221;4.9.4&#8243; _module_preset=&#8221;default&#8221;][\/et_pb_image][\/et_pb_column][\/et_pb_row][\/et_pb_section][et_pb_section fb_built=&#8221;1&#8243; _builder_version=&#8221;4.9.4&#8243; _module_preset=&#8221;default&#8221;][et_pb_row column_structure=&#8221;1_2,1_2&#8243; _builder_version=&#8221;4.9.4&#8243; _module_preset=&#8221;default&#8221;][et_pb_column type=&#8221;1_2&#8243; _builder_version=&#8221;4.9.4&#8243; [&hellip;]<\/p>\n","protected":false},"author":1,"featured_media":0,"parent":0,"menu_order":0,"comment_status":"closed","ping_status":"closed","template":"","meta":{"_et_pb_use_builder":"on","_et_pb_old_content":"","_et_gb_content_width":""},"yoast_head":"<!-- This site is optimized with the Yoast SEO plugin v16.4 - https:\/\/yoast.com\/wordpress\/plugins\/seo\/ -->\n<title>Svenska Hjulonlines Kunskapsbank - Kunskapsbanken fr\u00e5n hjulonline.se<\/title>\n<meta name=\"description\" content=\"V\u00e4lkommen till Svenska Hjulonlines Kunskapsbank. V\u00e5ra blogginl\u00e4gg riktar sig till dig som \u00e4r intresserad av d\u00e4ck, f\u00e4lg och hjul!\" \/>\n<meta name=\"robots\" content=\"index, follow, max-snippet:-1, max-image-preview:large, max-video-preview:-1\" \/>\n<link rel=\"canonical\" href=\"https:\/\/www.hjulonline.se\/blog\/\" \/>\n<meta property=\"og:locale\" content=\"sv_SE\" \/>\n<meta property=\"og:type\" content=\"article\" \/>\n<meta property=\"og:title\" content=\"Svenska Hjulonlines Kunskapsbank - Kunskapsbanken fr\u00e5n hjulonline.se\" \/>\n<meta property=\"og:description\" content=\"V\u00e4lkommen till Svenska Hjulonlines Kunskapsbank. V\u00e5ra blogginl\u00e4gg riktar sig till dig som \u00e4r intresserad av d\u00e4ck, f\u00e4lg och hjul!\" \/>\n<meta property=\"og:url\" content=\"https:\/\/www.hjulonline.se\/blog\/\" \/>\n<meta property=\"og:site_name\" content=\"Kunskapsbanken fr\u00e5n hjulonline.se\" \/>\n<meta property=\"article:publisher\" content=\"https:\/\/www.facebook.com\/hjulonline\" \/>\n<meta property=\"article:modified_time\" content=\"2021-09-16T13:14:43+00:00\" \/>\n<meta name=\"twitter:card\" content=\"summary_large_image\" \/>\n<meta name=\"twitter:label1\" content=\"Est. reading time\" \/>\n\t<meta name=\"twitter:data1\" content=\"1 minut\" \/>\n<script type=\"application\/ld+json\" class=\"yoast-schema-graph\">{\"@context\":\"https:\/\/schema.org\",\"@graph\":[{\"@type\":\"Organization\",\"@id\":\"https:\/\/www.hjulonline.se\/blog\/#organization\",\"name\":\"Svenska hjulonline\",\"url\":\"https:\/\/www.hjulonline.se\/blog\/\",\"sameAs\":[\"https:\/\/www.facebook.com\/hjulonline\",\"https:\/\/www.instagram.com\/hjulonline\/\",\"https:\/\/www.youtube.com\/channel\/UCu0mUV4TXmSxEU_ZWrXQe0Q\/featured\"],\"logo\":{\"@type\":\"ImageObject\",\"@id\":\"https:\/\/www.hjulonline.se\/blog\/#logo\",\"inLanguage\":\"sv-SE\",\"url\":\"https:\/\/www.hjulonline.se\/blog\/wp-content\/uploads\/2021\/04\/Svenska-1-1.png\",\"contentUrl\":\"https:\/\/www.hjulonline.se\/blog\/wp-content\/uploads\/2021\/04\/Svenska-1-1.png\",\"width\":1000,\"height\":280,\"caption\":\"Svenska hjulonline\"},\"image\":{\"@id\":\"https:\/\/www.hjulonline.se\/blog\/#logo\"}},{\"@type\":\"WebSite\",\"@id\":\"https:\/\/www.hjulonline.se\/blog\/#website\",\"url\":\"https:\/\/www.hjulonline.se\/blog\/\",\"name\":\"Kunskapsbanken fr\\u00e5n hjulonline.se\",\"description\":\"Allt inom d\\u00e4ck och f\\u00e4lg\",\"publisher\":{\"@id\":\"https:\/\/www.hjulonline.se\/blog\/#organization\"},\"potentialAction\":[{\"@type\":\"SearchAction\",\"target\":\"https:\/\/www.hjulonline.se\/blog\/?s={search_term_string}\",\"query-input\":\"required name=search_term_string\"}],\"inLanguage\":\"sv-SE\"},{\"@type\":\"WebPage\",\"@id\":\"https:\/\/www.hjulonline.se\/blog\/#webpage\",\"url\":\"https:\/\/www.hjulonline.se\/blog\/\",\"name\":\"Svenska Hjulonlines Kunskapsbank - Kunskapsbanken fr\\u00e5n hjulonline.se\",\"isPartOf\":{\"@id\":\"https:\/\/www.hjulonline.se\/blog\/#website\"},\"datePublished\":\"2021-09-16T08:24:01+00:00\",\"dateModified\":\"2021-09-16T13:14:43+00:00\",\"description\":\"V\\u00e4lkommen till Svenska Hjulonlines Kunskapsbank. V\\u00e5ra blogginl\\u00e4gg riktar sig till dig som \\u00e4r intresserad av d\\u00e4ck, f\\u00e4lg och hjul!\",\"breadcrumb\":{\"@id\":\"https:\/\/www.hjulonline.se\/blog\/#breadcrumb\"},\"inLanguage\":\"sv-SE\",\"potentialAction\":[{\"@type\":\"ReadAction\",\"target\":[\"https:\/\/www.hjulonline.se\/blog\/\"]}]},{\"@type\":\"BreadcrumbList\",\"@id\":\"https:\/\/www.hjulonline.se\/blog\/#breadcrumb\",\"itemListElement\":[{\"@type\":\"ListItem\",\"position\":1,\"item\":{\"@type\":\"WebPage\",\"@id\":\"https:\/\/www.hjulonline.se\/blog\/\",\"url\":\"https:\/\/www.hjulonline.se\/blog\/\",\"name\":\"Hem\"}},{\"@type\":\"ListItem\",\"position\":2,\"item\":{\"@id\":\"https:\/\/www.hjulonline.se\/blog\/#webpage\"}}]}]}<\/script>\n<!-- \/ Yoast SEO plugin. -->","_links":{"self":[{"href":"https:\/\/www.hjulonline.se\/blog\/wp-json\/wp\/v2\/pages\/457"}],"collection":[{"href":"https:\/\/www.hjulonline.se\/blog\/wp-json\/wp\/v2\/pages"}],"about":[{"href":"https:\/\/www.hjulonline.se\/blog\/wp-json\/wp\/v2\/types\/page"}],"author":[{"embeddable":true,"href":"https:\/\/www.hjulonline.se\/blog\/wp-json\/wp\/v2\/users\/1"}],"replies":[{"embeddable":true,"href":"https:\/\/www.hjulonline.se\/blog\/wp-json\/wp\/v2\/comments?post=457"}],"version-history":[{"count":29,"href":"https:\/\/www.hjulonline.se\/blog\/wp-json\/wp\/v2\/pages\/457\/revisions"}],"predecessor-version":[{"id":519,"href":"https:\/\/www.hjulonline.se\/blog\/wp-json\/wp\/v2\/pages\/457\/revisions\/519"}],"wp:attachment":[{"href":"https:\/\/www.hjulonline.se\/blog\/wp-json\/wp\/v2\/media?parent=457"}],"curies":[{"name":"wp","href":"https:\/\/api.w.org\/{rel}","templated":true}]}}